{"id":12997,"date":"2025-08-12T12:43:06","date_gmt":"2025-08-12T12:43:06","guid":{"rendered":"https:\/\/naardic.no\/yhteystiedot\/"},"modified":"2026-02-03T10:50:18","modified_gmt":"2026-02-03T10:50:18","slug":"yhteystiedot","status":"publish","type":"page","link":"https:\/\/naardic.no\/fi\/yhteystiedot\/","title":{"rendered":"Yhteystiedot"},"content":{"rendered":"\t\t<div data-elementor-type=\"wp-page\" data-elementor-id=\"12997\" class=\"elementor elementor-12997 elementor-7599\" data-elementor-post-type=\"page\">\n\t\t\t\t<div class=\"elementor-element elementor-element-6232a5c old__cnct-form e-flex e-con-boxed e-con e-child\" data-id=\"6232a5c\" data-element_type=\"container\" data-e-type=\"container\" data-settings=\"{&quot;background_background&quot;:&quot;classic&quot;}\">\n\t\t\t\t\t<div class=\"e-con-inner\">\n\t\t<div class=\"elementor-element elementor-element-62f2b43 e-flex e-con-boxed e-con e-child\" data-id=\"62f2b43\" data-element_type=\"container\" data-e-type=\"container\">\n\t\t\t\t\t<div class=\"e-con-inner\">\n\t\t<div class=\"elementor-element elementor-element-5d9ba2b e-con-full e-flex e-con e-child\" data-id=\"5d9ba2b\" data-element_type=\"container\" data-e-type=\"container\">\n\t\t\t\t<div class=\"elementor-element elementor-element-990fe54 elementor-widget__width-inherit elementor-widget elementor-widget-heading\" data-id=\"990fe54\" data-element_type=\"widget\" data-e-type=\"widget\" data-widget_type=\"heading.default\">\n\t\t\t\t\t<h2 class=\"elementor-heading-title elementor-size-default\">Olemme apunasi<\/h2>\t\t\t\t<\/div>\n\t\t\t\t<div class=\"elementor-element elementor-element-b761e0e elementor-widget elementor-widget-heading\" data-id=\"b761e0e\" data-element_type=\"widget\" data-e-type=\"widget\" data-widget_type=\"heading.default\">\n\t\t\t\t\t<h2 class=\"elementor-heading-title elementor-size-default\">Kysytt\u00e4v\u00e4\u00e4? Palautetta? Tarvitsetko apua alkuun p\u00e4\u00e4semisess\u00e4? Tiimimme on valmiina auttamaan sinua \u2013 miss\u00e4 ikin\u00e4 oletkin.   <\/h2>\t\t\t\t<\/div>\n\t\t\t\t<\/div>\n\t\t\t\t<div class=\"elementor-element elementor-element-ceceebc elementor-button-align-stretch elementor-widget elementor-widget-form\" data-id=\"ceceebc\" data-element_type=\"widget\" data-e-type=\"widget\" data-settings=\"{&quot;step_next_label&quot;:&quot;Seuraava&quot;,&quot;step_previous_label&quot;:&quot;Edellinen&quot;,&quot;button_width&quot;:&quot;100&quot;,&quot;step_type&quot;:&quot;number_text&quot;,&quot;step_icon_shape&quot;:&quot;circle&quot;}\" data-widget_type=\"form.default\">\n\t\t\t\t\t\t\t<form class=\"elementor-form\" method=\"post\" name=\"Uusi lomake\" aria-label=\"Uusi lomake\">\n\t\t\t<input type=\"hidden\" name=\"post_id\" value=\"12997\"\/>\n\t\t\t<input type=\"hidden\" name=\"form_id\" value=\"ceceebc\"\/>\n\t\t\t<input type=\"hidden\" name=\"referer_title\" value=\"Yhteystiedot - NAARDIC\" \/>\n\n\t\t\t\t\t\t\t<input type=\"hidden\" name=\"queried_id\" value=\"12997\"\/>\n\t\t\t\n\t\t\t<div class=\"elementor-form-fields-wrapper elementor-labels-above\">\n\t\t\t\t\t\t\t\t<div class=\"elementor-field-type-text elementor-field-group elementor-column elementor-field-group-name elementor-col-50\">\n\t\t\t\t\t\t\t\t\t\t\t\t<label for=\"form-field-name\" class=\"elementor-field-label\">\n\t\t\t\t\t\t\t\tEtunimi\t\t\t\t\t\t\t<\/label>\n\t\t\t\t\t\t\t\t\t\t\t\t\t\t<input size=\"1\" type=\"text\" name=\"form_fields[name]\" id=\"form-field-name\" class=\"elementor-field elementor-size-md  elementor-field-textual\" placeholder=\"Nimi\">\n\t\t\t\t\t\t\t\t\t\t\t<\/div>\n\t\t\t\t\t\t\t\t<div class=\"elementor-field-type-text elementor-field-group elementor-column elementor-field-group-field_3b03021 elementor-col-50\">\n\t\t\t\t\t\t\t\t\t\t\t\t<label for=\"form-field-field_3b03021\" class=\"elementor-field-label\">\n\t\t\t\t\t\t\t\tSukunimi\t\t\t\t\t\t\t<\/label>\n\t\t\t\t\t\t\t\t\t\t\t\t\t\t<input size=\"1\" type=\"text\" name=\"form_fields[field_3b03021]\" id=\"form-field-field_3b03021\" class=\"elementor-field elementor-size-md  elementor-field-textual\" placeholder=\"Sukunimi\">\n\t\t\t\t\t\t\t\t\t\t\t<\/div>\n\t\t\t\t\t\t\t\t<div class=\"elementor-field-type-email elementor-field-group elementor-column elementor-field-group-email elementor-col-50 elementor-field-required\">\n\t\t\t\t\t\t\t\t\t\t\t\t<label for=\"form-field-email\" class=\"elementor-field-label\">\n\t\t\t\t\t\t\t\tS\u00e4hk\u00f6posti\t\t\t\t\t\t\t<\/label>\n\t\t\t\t\t\t\t\t\t\t\t\t\t\t<input size=\"1\" type=\"email\" name=\"form_fields[email]\" id=\"form-field-email\" class=\"elementor-field elementor-size-md  elementor-field-textual\" placeholder=\"S\u00e4hk\u00f6posti\" required=\"required\">\n\t\t\t\t\t\t\t\t\t\t\t<\/div>\n\t\t\t\t\t\t\t\t<div class=\"elementor-field-type-text elementor-field-group elementor-column elementor-field-group-field_75d4a31 elementor-col-50\">\n\t\t\t\t\t\t\t\t\t\t\t\t<label for=\"form-field-field_75d4a31\" class=\"elementor-field-label\">\n\t\t\t\t\t\t\t\tPuhelin\t\t\t\t\t\t\t<\/label>\n\t\t\t\t\t\t\t\t\t\t\t\t\t\t<input size=\"1\" type=\"text\" name=\"form_fields[field_75d4a31]\" id=\"form-field-field_75d4a31\" class=\"elementor-field elementor-size-md  elementor-field-textual\" placeholder=\"+(00) 000-000-00\">\n\t\t\t\t\t\t\t\t\t\t\t<\/div>\n\t\t\t\t\t\t\t\t<div class=\"elementor-field-type-text elementor-field-group elementor-column elementor-field-group-field_4a0933e elementor-col-100\">\n\t\t\t\t\t\t\t\t\t\t\t\t<label for=\"form-field-field_4a0933e\" class=\"elementor-field-label\">\n\t\t\t\t\t\t\t\tAihe\t\t\t\t\t\t\t<\/label>\n\t\t\t\t\t\t\t\t\t\t\t\t\t\t<input size=\"1\" type=\"text\" name=\"form_fields[field_4a0933e]\" id=\"form-field-field_4a0933e\" class=\"elementor-field elementor-size-md  elementor-field-textual\" placeholder=\"Mik\u00e4 tahansa aihe\">\n\t\t\t\t\t\t\t\t\t\t\t<\/div>\n\t\t\t\t\t\t\t\t<div class=\"elementor-field-type-textarea elementor-field-group elementor-column elementor-field-group-message elementor-col-100\">\n\t\t\t\t\t\t\t\t\t\t\t\t<label for=\"form-field-message\" class=\"elementor-field-label\">\n\t\t\t\t\t\t\t\tViesti\t\t\t\t\t\t\t<\/label>\n\t\t\t\t\t\t<textarea class=\"elementor-field-textual elementor-field  elementor-size-md\" name=\"form_fields[message]\" id=\"form-field-message\" rows=\"4\" placeholder=\"Mit\u00e4 asiasi koskee?\"><\/textarea>\t\t\t\t<\/div>\n\t\t\t\t\t\t\t\t<div class=\"elementor-field-group elementor-column elementor-field-type-submit elementor-col-100 e-form__buttons\">\n\t\t\t\t\t<button class=\"elementor-button elementor-size-sm\" type=\"submit\">\n\t\t\t\t\t\t<span class=\"elementor-button-content-wrapper\">\n\t\t\t\t\t\t\t\t\t\t\t\t\t\t\t\t\t\t\t\t\t\t<span class=\"elementor-button-text\">L\u00e4het\u00e4<\/span>\n\t\t\t\t\t\t\t\t\t\t\t\t\t<\/span>\n\t\t\t\t\t<\/button>\n\t\t\t\t<\/div>\n\t\t\t<\/div>\n\t\t<\/form>\n\t\t\t\t\t\t<\/div>\n\t\t\t\t\t<\/div>\n\t\t\t\t<\/div>\n\t\t<div class=\"elementor-element elementor-element-7205261 e-flex e-con-boxed e-con e-child\" data-id=\"7205261\" data-element_type=\"container\" data-e-type=\"container\" data-settings=\"{&quot;background_background&quot;:&quot;classic&quot;}\">\n\t\t\t\t\t<div class=\"e-con-inner\">\n\t\t\t\t<div class=\"elementor-element elementor-element-b309f41 elementor-widget elementor-widget-heading\" data-id=\"b309f41\" data-element_type=\"widget\" data-e-type=\"widget\" data-widget_type=\"heading.default\">\n\t\t\t\t\t<h2 class=\"elementor-heading-title elementor-size-default\"><a href=\"tel:+47%2022%2060%2022%2001\">+47 22 60 22 01<\/a><\/h2>\t\t\t\t<\/div>\n\t\t\t\t<div class=\"elementor-element elementor-element-aa2ed2d elementor-widget elementor-widget-heading\" data-id=\"aa2ed2d\" data-element_type=\"widget\" data-e-type=\"widget\" data-widget_type=\"heading.default\">\n\t\t\t\t\t<h2 class=\"elementor-heading-title elementor-size-default\">Klo 9:00\u201321:00<\/h2>\t\t\t\t<\/div>\n\t\t\t\t<div class=\"elementor-element elementor-element-f5972bd elementor-widget elementor-widget-heading\" data-id=\"f5972bd\" data-element_type=\"widget\" data-e-type=\"widget\" data-widget_type=\"heading.default\">\n\t\t\t\t\t<h2 class=\"elementor-heading-title elementor-size-default\"><a href=\"mailto:post@naardic.no\">post@naardic.no<\/a><\/h2>\t\t\t\t<\/div>\n\t\t\t\t\t<\/div>\n\t\t\t\t<\/div>\n\t\t\t\t\t<\/div>\n\t\t\t\t<\/div>\n\t\t<div class=\"elementor-element elementor-element-bb2806b e-flex e-con-boxed e-con e-child\" data-id=\"bb2806b\" data-element_type=\"container\" data-e-type=\"container\" data-settings=\"{&quot;background_background&quot;:&quot;classic&quot;}\">\n\t\t\t\t\t<div class=\"e-con-inner\">\n\t\t<div class=\"elementor-element elementor-element-f7dfded e-flex e-con-boxed e-con e-child\" data-id=\"f7dfded\" data-element_type=\"container\" data-e-type=\"container\">\n\t\t\t\t\t<div class=\"e-con-inner\">\n\t\t<div class=\"elementor-element elementor-element-6fc14e4 e-con-full e-flex e-con e-child\" data-id=\"6fc14e4\" data-element_type=\"container\" data-e-type=\"container\">\n\t\t\t\t<div class=\"elementor-element elementor-element-b5cb605 elementor-widget__width-inherit elementor-widget elementor-widget-heading\" data-id=\"b5cb605\" data-element_type=\"widget\" data-e-type=\"widget\" data-widget_type=\"heading.default\">\n\t\t\t\t\t<h2 class=\"elementor-heading-title elementor-size-default\">Ota meihin yhteytt\u00e4<\/h2>\t\t\t\t<\/div>\n\t\t\t\t<div class=\"elementor-element elementor-element-ae352ee elementor-widget elementor-widget-heading\" data-id=\"ae352ee\" data-element_type=\"widget\" data-e-type=\"widget\" data-widget_type=\"heading.default\">\n\t\t\t\t\t<h2 class=\"elementor-heading-title elementor-size-default\">Kysytt\u00e4v\u00e4\u00e4? Palautetta? Tarvitsetko apua alkuun p\u00e4\u00e4semisess\u00e4? L\u00e4het\u00e4 meille viesti t\u00e4\u00e4ll\u00e4. Muista, ett\u00e4 voit my\u00f6s keskustella Annen ja Auroran, teko\u00e4lyavustajiemme, kanssa hallintapaneelista kirjautumisen j\u00e4lkeen.    \n\n<\/h2>\t\t\t\t<\/div>\n\t\t\t\t<\/div>\n\t\t\t\t\t<\/div>\n\t\t\t\t<\/div>\n\t\t<div class=\"elementor-element elementor-element-283eae6 e-con-full contact_form e-flex e-con e-child\" data-id=\"283eae6\" data-element_type=\"container\" data-e-type=\"container\">\n\t\t\t\t<div class=\"elementor-element elementor-element-ccdfb69 elementor-widget elementor-widget-html\" data-id=\"ccdfb69\" data-element_type=\"widget\" data-e-type=\"widget\" data-widget_type=\"html.default\">\n\t\t\t\t\t<script charset=\"utf-8\" type=\"text\/javascript\" src=\"\/\/js.hsforms.net\/forms\/embed\/v2.js\"><\/script><script>hbspt.forms.create({\n    portalId: \"48671039\",\n    formId: \"3a0788c7-4f4d-4383-bcba-4aff819488ec\",\n    region: \"na1\",\n    css: \"\"\n  });\n<\/script>\t\t\t\t<\/div>\n\t\t\t\t<\/div>\n\t\t\t\t\t<\/div>\n\t\t\t\t<\/div>\n\t\t\t\t<\/div>\n\t\t","protected":false},"excerpt":{"rendered":"<p>Olemme apunasi Kysytt\u00e4v\u00e4\u00e4? Palautetta? Tarvitsetko apua alkuun p\u00e4\u00e4semisess\u00e4? Tiimimme on valmiina auttamaan sinua \u2013 miss\u00e4 ikin\u00e4 oletkin. +47 22 60 [&hellip;]<\/p>\n","protected":false},"author":2,"featured_media":0,"parent":0,"menu_order":0,"comment_status":"closed","ping_status":"closed","template":"elementor_canvas","meta":{"content-type":"","site-sidebar-layout":"default","site-content-layout":"","ast-site-content-layout":"default","site-content-style":"default","site-sidebar-style":"default","ast-global-header-display":"","ast-banner-title-visibility":"","ast-main-header-display":"","ast-hfb-above-header-display":"","ast-hfb-below-header-display":"","ast-hfb-mobile-header-display":"","site-post-title":"","ast-breadcrumbs-content":"","ast-featured-img":"","footer-sml-layout":"","theme-transparent-header-meta":"","adv-header-id-meta":"","stick-header-meta":"","header-above-stick-meta":"","header-main-stick-meta":"","header-below-stick-meta":"","astra-migrate-meta-layouts":"default","ast-page-background-enabled":"default","ast-page-background-meta":{"desktop":{"background-color":"var(--ast-global-color-5)","background-image":"","background-repeat":"repeat","background-position":"center center","background-size":"auto","background-attachment":"scroll","background-type":"","background-media":"","overlay-type":"","overlay-color":"","overlay-opacity":"","overlay-gradient":""},"tablet":{"background-color":"","background-image":"","background-repeat":"repeat","background-position":"center center","background-size":"auto","background-attachment":"scroll","background-type":"","background-media":"","overlay-type":"","overlay-color":"","overlay-opacity":"","overlay-gradient":""},"mobile":{"background-color":"","background-image":"","background-repeat":"repeat","background-position":"center center","background-size":"auto","background-attachment":"scroll","background-type":"","background-media":"","overlay-type":"","overlay-color":"","overlay-opacity":"","overlay-gradient":""}},"ast-content-background-meta":{"desktop":{"background-color":"var(--ast-global-color-4)","background-image":"","background-repeat":"repeat","background-position":"center center","background-size":"auto","background-attachment":"scroll","background-type":"","background-media":"","overlay-type":"","overlay-color":"","overlay-opacity":"","overlay-gradient":""},"tablet":{"background-color":"var(--ast-global-color-4)","background-image":"","background-repeat":"repeat","background-position":"center center","background-size":"auto","background-attachment":"scroll","background-type":"","background-media":"","overlay-type":"","overlay-color":"","overlay-opacity":"","overlay-gradient":""},"mobile":{"background-color":"var(--ast-global-color-4)","background-image":"","background-repeat":"repeat","background-position":"center center","background-size":"auto","background-attachment":"scroll","background-type":"","background-media":"","overlay-type":"","overlay-color":"","overlay-opacity":"","overlay-gradient":""}},"footnotes":""},"class_list":["post-12997","page","type-page","status-publish","hentry"],"yoast_head":"<!-- This site is optimized with the Yoast SEO Premium plugin v27.2 (Yoast SEO v27.3) - https:\/\/yoast.com\/product\/yoast-seo-premium-wordpress\/ -->\n<title>Yhteystiedot - NAARDIC<\/title>\n<meta name=\"robots\" content=\"index, follow, max-snippet:-1, max-image-preview:large, max-video-preview:-1\" \/>\n<link rel=\"canonical\" href=\"https:\/\/naardic.no\/fi\/yhteystiedot\/\" \/>\n<meta property=\"og:locale\" content=\"fi_FI\" \/>\n<meta property=\"og:type\" content=\"article\" \/>\n<meta property=\"og:title\" content=\"Yhteystiedot\" \/>\n<meta property=\"og:description\" content=\"Olemme apunasi Kysytt\u00e4v\u00e4\u00e4? Palautetta? Tarvitsetko apua alkuun p\u00e4\u00e4semisess\u00e4? Tiimimme on valmiina auttamaan sinua \u2013 miss\u00e4 ikin\u00e4 oletkin. +47 22 60 [&hellip;]\" \/>\n<meta property=\"og:url\" content=\"https:\/\/naardic.no\/fi\/yhteystiedot\/\" \/>\n<meta property=\"og:site_name\" content=\"NAARDIC\" \/>\n<meta property=\"article:publisher\" content=\"https:\/\/www.facebook.com\/naardic\" \/>\n<meta property=\"article:modified_time\" content=\"2026-02-03T10:50:18+00:00\" \/>\n<meta name=\"twitter:card\" content=\"summary_large_image\" \/>\n<script type=\"application\/ld+json\" class=\"yoast-schema-graph\">{\"@context\":\"https:\\\/\\\/schema.org\",\"@graph\":[{\"@type\":\"WebPage\",\"@id\":\"https:\\\/\\\/naardic.no\\\/fi\\\/yhteystiedot\\\/\",\"url\":\"https:\\\/\\\/naardic.no\\\/fi\\\/yhteystiedot\\\/\",\"name\":\"Yhteystiedot - NAARDIC\",\"isPartOf\":{\"@id\":\"https:\\\/\\\/naardic.no\\\/fi\\\/#website\"},\"datePublished\":\"2025-08-12T12:43:06+00:00\",\"dateModified\":\"2026-02-03T10:50:18+00:00\",\"breadcrumb\":{\"@id\":\"https:\\\/\\\/naardic.no\\\/fi\\\/yhteystiedot\\\/#breadcrumb\"},\"inLanguage\":\"fi\",\"potentialAction\":[{\"@type\":\"ReadAction\",\"target\":[\"https:\\\/\\\/naardic.no\\\/fi\\\/yhteystiedot\\\/\"]}]},{\"@type\":\"BreadcrumbList\",\"@id\":\"https:\\\/\\\/naardic.no\\\/fi\\\/yhteystiedot\\\/#breadcrumb\",\"itemListElement\":[{\"@type\":\"ListItem\",\"position\":1,\"name\":\"Home\",\"item\":\"https:\\\/\\\/naardic.no\\\/fi\\\/\"},{\"@type\":\"ListItem\",\"position\":2,\"name\":\"Yhteystiedot\"}]},{\"@type\":\"WebSite\",\"@id\":\"https:\\\/\\\/naardic.no\\\/fi\\\/#website\",\"url\":\"https:\\\/\\\/naardic.no\\\/fi\\\/\",\"name\":\"NAARDIC\",\"description\":\"\",\"publisher\":{\"@id\":\"https:\\\/\\\/naardic.no\\\/fi\\\/#organization\"},\"potentialAction\":[{\"@type\":\"SearchAction\",\"target\":{\"@type\":\"EntryPoint\",\"urlTemplate\":\"https:\\\/\\\/naardic.no\\\/fi\\\/?s={search_term_string}\"},\"query-input\":{\"@type\":\"PropertyValueSpecification\",\"valueRequired\":true,\"valueName\":\"search_term_string\"}}],\"inLanguage\":\"fi\"},{\"@type\":\"Organization\",\"@id\":\"https:\\\/\\\/naardic.no\\\/fi\\\/#organization\",\"name\":\"NAARDIC\",\"url\":\"https:\\\/\\\/naardic.no\\\/fi\\\/\",\"logo\":{\"@type\":\"ImageObject\",\"inLanguage\":\"fi\",\"@id\":\"https:\\\/\\\/naardic.no\\\/fi\\\/#\\\/schema\\\/logo\\\/image\\\/\",\"url\":\"https:\\\/\\\/naardic.no\\\/wp-content\\\/uploads\\\/2025\\\/11\\\/Naardic-Logo.webp\",\"contentUrl\":\"https:\\\/\\\/naardic.no\\\/wp-content\\\/uploads\\\/2025\\\/11\\\/Naardic-Logo.webp\",\"width\":100,\"height\":98,\"caption\":\"NAARDIC\"},\"image\":{\"@id\":\"https:\\\/\\\/naardic.no\\\/fi\\\/#\\\/schema\\\/logo\\\/image\\\/\"},\"sameAs\":[\"https:\\\/\\\/www.facebook.com\\\/naardic\"]}]}<\/script>\n<!-- \/ Yoast SEO Premium plugin. -->","yoast_head_json":{"title":"Yhteystiedot - NAARDIC","robots":{"index":"index","follow":"follow","max-snippet":"max-snippet:-1","max-image-preview":"max-image-preview:large","max-video-preview":"max-video-preview:-1"},"canonical":"https:\/\/naardic.no\/fi\/yhteystiedot\/","og_locale":"fi_FI","og_type":"article","og_title":"Yhteystiedot","og_description":"Olemme apunasi Kysytt\u00e4v\u00e4\u00e4? Palautetta? Tarvitsetko apua alkuun p\u00e4\u00e4semisess\u00e4? Tiimimme on valmiina auttamaan sinua \u2013 miss\u00e4 ikin\u00e4 oletkin. +47 22 60 [&hellip;]","og_url":"https:\/\/naardic.no\/fi\/yhteystiedot\/","og_site_name":"NAARDIC","article_publisher":"https:\/\/www.facebook.com\/naardic","article_modified_time":"2026-02-03T10:50:18+00:00","twitter_card":"summary_large_image","schema":{"@context":"https:\/\/schema.org","@graph":[{"@type":"WebPage","@id":"https:\/\/naardic.no\/fi\/yhteystiedot\/","url":"https:\/\/naardic.no\/fi\/yhteystiedot\/","name":"Yhteystiedot - NAARDIC","isPartOf":{"@id":"https:\/\/naardic.no\/fi\/#website"},"datePublished":"2025-08-12T12:43:06+00:00","dateModified":"2026-02-03T10:50:18+00:00","breadcrumb":{"@id":"https:\/\/naardic.no\/fi\/yhteystiedot\/#breadcrumb"},"inLanguage":"fi","potentialAction":[{"@type":"ReadAction","target":["https:\/\/naardic.no\/fi\/yhteystiedot\/"]}]},{"@type":"BreadcrumbList","@id":"https:\/\/naardic.no\/fi\/yhteystiedot\/#breadcrumb","itemListElement":[{"@type":"ListItem","position":1,"name":"Home","item":"https:\/\/naardic.no\/fi\/"},{"@type":"ListItem","position":2,"name":"Yhteystiedot"}]},{"@type":"WebSite","@id":"https:\/\/naardic.no\/fi\/#website","url":"https:\/\/naardic.no\/fi\/","name":"NAARDIC","description":"","publisher":{"@id":"https:\/\/naardic.no\/fi\/#organization"},"potentialAction":[{"@type":"SearchAction","target":{"@type":"EntryPoint","urlTemplate":"https:\/\/naardic.no\/fi\/?s={search_term_string}"},"query-input":{"@type":"PropertyValueSpecification","valueRequired":true,"valueName":"search_term_string"}}],"inLanguage":"fi"},{"@type":"Organization","@id":"https:\/\/naardic.no\/fi\/#organization","name":"NAARDIC","url":"https:\/\/naardic.no\/fi\/","logo":{"@type":"ImageObject","inLanguage":"fi","@id":"https:\/\/naardic.no\/fi\/#\/schema\/logo\/image\/","url":"https:\/\/naardic.no\/wp-content\/uploads\/2025\/11\/Naardic-Logo.webp","contentUrl":"https:\/\/naardic.no\/wp-content\/uploads\/2025\/11\/Naardic-Logo.webp","width":100,"height":98,"caption":"NAARDIC"},"image":{"@id":"https:\/\/naardic.no\/fi\/#\/schema\/logo\/image\/"},"sameAs":["https:\/\/www.facebook.com\/naardic"]}]}},"_links":{"self":[{"href":"https:\/\/naardic.no\/fi\/wp-json\/wp\/v2\/pages\/12997","targetHints":{"allow":["GET"]}}],"collection":[{"href":"https:\/\/naardic.no\/fi\/wp-json\/wp\/v2\/pages"}],"about":[{"href":"https:\/\/naardic.no\/fi\/wp-json\/wp\/v2\/types\/page"}],"author":[{"embeddable":true,"href":"https:\/\/naardic.no\/fi\/wp-json\/wp\/v2\/users\/2"}],"replies":[{"embeddable":true,"href":"https:\/\/naardic.no\/fi\/wp-json\/wp\/v2\/comments?post=12997"}],"version-history":[{"count":1,"href":"https:\/\/naardic.no\/fi\/wp-json\/wp\/v2\/pages\/12997\/revisions"}],"predecessor-version":[{"id":12998,"href":"https:\/\/naardic.no\/fi\/wp-json\/wp\/v2\/pages\/12997\/revisions\/12998"}],"wp:attachment":[{"href":"https:\/\/naardic.no\/fi\/wp-json\/wp\/v2\/media?parent=12997"}],"curies":[{"name":"wp","href":"https:\/\/api.w.org\/{rel}","templated":true}]}}