{"id":9623,"date":"2025-10-18T19:30:43","date_gmt":"2025-10-18T19:30:43","guid":{"rendered":"https:\/\/naardic.no\/?page_id=9623"},"modified":"2025-12-30T10:34:15","modified_gmt":"2025-12-30T10:34:15","slug":"medlemskap-naardic-talk-overgangsalder","status":"publish","type":"page","link":"https:\/\/naardic.no\/en\/medlemskap-naardic-talk-overgangsalder\/","title":{"rendered":"Medlemskap Naardic Talk overgangsalder"},"content":{"rendered":"\t\t<div data-elementor-type=\"wp-page\" data-elementor-id=\"9623\" class=\"elementor elementor-9623\" data-elementor-post-type=\"page\">\n\t\t\t\t<div class=\"elementor-element elementor-element-4209614 e-flex e-con-boxed e-con e-parent\" data-id=\"4209614\" data-element_type=\"container\" data-e-type=\"container\">\n\t\t\t\t\t<div class=\"e-con-inner\">\n\t\t<div class=\"elementor-element elementor-element-2a1ec80 e-con-full e-flex e-con e-child\" data-id=\"2a1ec80\" data-element_type=\"container\" data-e-type=\"container\">\n\t\t\t\t<div class=\"elementor-element elementor-element-16c92ef elementor-widget elementor-widget-heading\" data-id=\"16c92ef\" data-element_type=\"widget\" data-e-type=\"widget\" data-widget_type=\"heading.default\">\n\t\t\t\t\t<h2 class=\"elementor-heading-title elementor-size-default\">Bli med p\u00e5 Naardic Talks om s\u00f8vn og overgangsalder! <\/h2>\t\t\t\t<\/div>\n\t\t\t\t<div class=\"elementor-element elementor-element-552778d elementor-widget elementor-widget-text-editor\" data-id=\"552778d\" data-element_type=\"widget\" data-e-type=\"widget\" data-widget_type=\"text-editor.default\">\n\t\t\t\t\t\t\t\t\t<p>Tren gratis i 14 dager. Betal 0,- i dag.<br aria-hidden=\"true\" \/>Si opp n\u00e5r som helst i l\u00f8pet av pr\u00f8veperioden<\/p><p>Meld deg p\u00e5 Naardic Talks i timeplanen.\u00a0<\/p>\t\t\t\t\t\t\t\t<\/div>\n\t\t\t\t<\/div>\n\t\t\t\t\t<\/div>\n\t\t\t\t<\/div>\n\t\t<div class=\"elementor-element elementor-element-bec9a97 e-flex e-con-boxed e-con e-parent\" data-id=\"bec9a97\" data-element_type=\"container\" data-e-type=\"container\">\n\t\t\t\t\t<div class=\"e-con-inner\">\n\t\t<div class=\"elementor-element elementor-element-95976e4 e-con-full e-flex e-con e-child\" data-id=\"95976e4\" data-element_type=\"container\" data-e-type=\"container\">\n\t\t<div class=\"elementor-element elementor-element-545a5dd e-con-full membership-box e-flex e-con e-child\" data-id=\"545a5dd\" data-element_type=\"container\" data-e-type=\"container\">\n\t\t\t\t<div class=\"elementor-element elementor-element-2390d9c elementor-hidden-desktop elementor-hidden-tablet elementor-hidden-mobile elementor-widget elementor-widget-heading\" data-id=\"2390d9c\" data-element_type=\"widget\" data-e-type=\"widget\" data-widget_type=\"heading.default\">\n\t\t\t\t\t<h2 class=\"elementor-heading-title elementor-size-default\">Velg pris og bindingstid<\/h2>\t\t\t\t<\/div>\n\t\t\t\t<div class=\"elementor-element elementor-element-0d78a32 elementor-widget elementor-widget-html\" data-id=\"0d78a32\" data-element_type=\"widget\" data-e-type=\"widget\" data-widget_type=\"html.default\">\n\t\t\t\t\t<div class=\"payment-options\">\n\n  <label class=\"option\">\n    <input type=\"radio\" name=\"plan\" value=\"399\" checked>\n    <span class=\"custom-radio\"><\/span>\n    <span class=\"option-text\">Kr 399 \/mnd \u2013 Ingen bindingstid<\/span>\n  <\/label>\n\n  <label class=\"option\">\n    <input type=\"radio\" name=\"plan\" value=\"349\">\n    <span class=\"custom-radio\"><\/span>\n    <span class=\"option-text\">Kr 349 \/mnd \u2013 Forutsetter 12 m\u00e5neders bindingstid<\/span>\n  <\/label>\n\n  <label class=\"option\">\n    <input type=\"radio\" name=\"plan\" value=\"2988\">\n    <span class=\"custom-radio\"><\/span>\n    <span class=\"option-text\">Kr 2 988 \/\u00e5r \u2013 Forutsetter \u00e5rlig betaling (Kr 249 \/mnd)<\/span>\n  <\/label>\n\n  <!-- \u2705 Default href for the initially checked plan (399) -->\n  <a class=\"custom-submit-button btn price-btn\" id=\"startTrial\"\n     href=\"https:\/\/naardic.no\/sign-up?plan=per_month_no_binding\">\n    Start pr\u00f8veperiode\n  <\/a>\n\n<\/div>\n\n<style>\n.payment-options {\n  font-family: system-ui, -apple-system, sans-serif;\n  max-width: 500px;\n}\n\n.option {\n  display: flex;\n  align-items: center;\n  gap: 14px;\n  margin-bottom: 22px;\n  cursor: pointer;\n}\n\n.option input {\n  display: none;\n}\n\n\/* Custom radio *\/\n.custom-radio {\n  width: 26px;\n  height: 26px;\n  border: 2px solid #1c513b;\n  border-radius: 50%;\n  position: relative;\n  flex-shrink: 0;\n}\n\n.custom-radio::after {\n  content: \"\";\n  width: 14px;\n  height: 14px;\n  background: #1c513b;\n  border-radius: 50%;\n  position: absolute;\n  top: 50%;\n  left: 50%;\n  transform: translate(-50%, -50%) scale(0);\n  transition: 0.2s ease;\n}\n\n.option input:checked + .custom-radio::after {\n  transform: translate(-50%, -50%) scale(1);\n}\n\n.option-text {\n  font-size: 20px;\n  color: #2c2c2c;\n  line-height: 1.4;\n}\n\n\/* Button *\/\n#startTrial {\n  margin-top: 10px;\n  padding: 14px 38px;\n  border-radius: 40px;\n  border: none;\n  background: #63f1a2;\n  font-size: 18px;\n  font-weight: 600;\n  color: #063d28;\n  cursor: pointer;\n  display: inline-block;\n  text-decoration: none;\n}\n\n#startTrial:hover {\n  background: #50e08f;\n}\n<\/style>\n\n<script>\n\/\/ \u2705 Map radio values to base URLs\nconst PLAN_URLS = {\n  \"399\":  \"https:\/\/naardic.no\/sign-up?plan=per_month_no_binding\",\n  \"349\":  \"https:\/\/naardic.no\/sign-up?plan=per_month_binding_12_months\",\n  \"2988\": \"https:\/\/naardic.no\/sign-up?plan=per_year_no_binding\",\n};\n\nfunction updateStartTrialHref() {\n  const selected = document.querySelector('input[name=\"plan\"]:checked');\n  const btn = document.getElementById('startTrial');\n\n  if (!selected || !btn) return;\n\n  const baseUrl = PLAN_URLS[selected.value];\n  if (!baseUrl) return;\n\n  \/\/ Set base href; affiliate script will append its params on top of this\n  btn.setAttribute('href', baseUrl);\n}\n\n\/\/ Init on load\nupdateStartTrialHref();\n\n\/\/ Update whenever user changes plan\ndocument.querySelectorAll('input[name=\"plan\"]').forEach((radio) => {\n  radio.addEventListener('change', updateStartTrialHref);\n});\n<\/script>\n\n<script>\n(function () {\n  const REF_PARAM = \"affiliate\";\n  const CAMPAIGN_PARAM = \"free_campaign_id\";\n  const MESSAGE_TEXT = \" Rabatten din blir trukket fra i kassen\"; \/\/ note leading space\n  const MESSAGE_ID = \"add_affiliate\";\n\n  function getParamFromUrl(param, url) {\n    try {\n      return new URL(url).searchParams.get(param);\n    } catch {\n      return null;\n    }\n  }\n\n  function getAffiliateFromUrl() {\n    return getParamFromUrl(REF_PARAM, window.location.href);\n  }\n\n  function getAffiliateFromReferrer() {\n    if (!document.referrer) return null;\n    return getParamFromUrl(REF_PARAM, document.referrer);\n  }\n\n  function getCampaignFromUrl() {\n    return getParamFromUrl(CAMPAIGN_PARAM, window.location.href);\n  }\n\n  function getCampaignFromReferrer() {\n    if (!document.referrer) return null;\n    return getParamFromUrl(CAMPAIGN_PARAM, document.referrer);\n  }\n\n  function updateAffiliateLinks(affiliate, campaign) {\n    if (!affiliate && !campaign) return;\n\n    document.querySelectorAll(\".custom-submit-button.btn.price-btn\").forEach((btn) => {\n      const href = btn.getAttribute(\"href\");\n      if (!href) return;\n\n      try {\n        const url = new URL(href, window.location.origin);\n\n        if (affiliate && url.searchParams.get(REF_PARAM) !== affiliate) {\n          url.searchParams.set(REF_PARAM, affiliate);\n        }\n        if (campaign && url.searchParams.get(CAMPAIGN_PARAM) !== campaign) {\n          url.searchParams.set(CAMPAIGN_PARAM, campaign);\n        }\n\n        btn.setAttribute(\"href\", url.toString());\n      } catch (err) {\n        console.warn(\"Error updating href:\", err);\n      }\n    });\n  }\n\n  function appendAffiliateMessage() {\n    const el = document.getElementById(MESSAGE_ID);\n    if (el && !el.querySelector(\".affiliate-message\")) {\n      const span = document.createElement(\"span\");\n      span.className = \"affiliate-message\";\n      span.textContent = MESSAGE_TEXT;\n      span.style.fontWeight = \"500\";\n\n      const isMobile = window.matchMedia(\"(max-width: 767px)\").matches;\n\n      if (!isMobile) {\n        el.style.display = \"flex\";\n        el.style.alignItems = \"center\";\n        span.style.marginLeft = \"5px\";\n      }\n\n      el.appendChild(span);\n    }\n  }\n\n  let affiliate =\n    getAffiliateFromUrl() ||\n    getAffiliateFromReferrer() ||\n    localStorage.getItem(\"affiliate\");\n\n  let campaign =\n    getCampaignFromUrl() ||\n    getCampaignFromReferrer() ||\n    localStorage.getItem(\"free_campaign_id\");\n\n  if (!affiliate && !campaign) return;\n\n  try {\n    if (affiliate) localStorage.setItem(\"affiliate\", affiliate);\n    if (campaign) localStorage.setItem(\"free_campaign_id\", campaign);\n  } catch {}\n\n  updateAffiliateLinks(affiliate, campaign);\n  appendAffiliateMessage();\n\n  const observer = new MutationObserver(() => {\n    updateAffiliateLinks(affiliate, campaign);\n    appendAffiliateMessage();\n  });\n  observer.observe(document.body, { childList: true, subtree: true });\n\n  setInterval(() => {\n    updateAffiliateLinks(affiliate, campaign);\n    appendAffiliateMessage();\n  }, 500);\n\n  console.log(\"Affiliate script active \u2192\", { affiliate, campaign });\n})();\n<\/script>\n\t\t\t\t<\/div>\n\t\t\t\t<\/div>\n\t\t\t\t<\/div>\n\t\t\t\t\t<\/div>\n\t\t\t\t<\/div>\n\t\t<div class=\"elementor-element elementor-element-170eba9 e-flex e-con-boxed e-con e-parent\" data-id=\"170eba9\" data-element_type=\"container\" data-e-type=\"container\">\n\t\t\t\t\t<div class=\"e-con-inner\">\n\t\t\t\t<div class=\"elementor-element elementor-element-236c647 elementor-widget elementor-widget-text-editor\" data-id=\"236c647\" data-element_type=\"widget\" data-e-type=\"widget\" data-widget_type=\"text-editor.default\">\n\t\t\t\t\t\t\t\t\t<p style=\"color: #000000; font-family: ABeeZee, sans-serif;\">Alle medlemskap fortsetter automatisk etter at pr\u00f8veperioden er over, frem til du velger \u00e5 si opp. For medlemskap med m\u00e5nedlige betalinger gjelder \u00e9n m\u00e5neds oppsigelsestid. Det betyr at du, etter at du har gitt beskjed om oppsigelse, fortsatt vil ha tilgang ut p\u00e5f\u00f8lgende m\u00e5ned.<\/p><p style=\"color: #000000; font-family: ABeeZee, sans-serif;\">Merk at alle medlemskap er l\u00f8pende med automatisk fornyelse.<\/p>\t\t\t\t\t\t\t\t<\/div>\n\t\t\t\t\t<\/div>\n\t\t\t\t<\/div>\n\t\t<div class=\"elementor-element elementor-element-b7a3466 e-flex e-con-boxed e-con e-parent\" data-id=\"b7a3466\" data-element_type=\"container\" data-e-type=\"container\">\n\t\t\t\t\t<div class=\"e-con-inner\">\n\t\t<div class=\"elementor-element elementor-element-73644f7 e-con-full e-flex e-con e-child\" data-id=\"73644f7\" data-element_type=\"container\" data-e-type=\"container\" data-settings=\"{&quot;background_background&quot;:&quot;classic&quot;}\">\n\t\t\t\t<div class=\"elementor-element elementor-element-08eadd9 elementor-widget elementor-widget-html\" data-id=\"08eadd9\" data-element_type=\"widget\" data-e-type=\"widget\" data-widget_type=\"html.default\">\n\t\t\t\t\t<!-- TrustBox widget - Slider --> <div class=\"trustpilot-widget\" data-locale=\"no-NO\" data-template-id=\"53aa8912dec7e10d38f59f36\" data-businessunit-id=\"61eaafb6b418e1a4325f2b5c\" data-style-height=\"150px\" data-style-width=\"100%\" data-stars=\"1,2,3,4,5\" data-review-languages=\"no\" data-per-page=\"4\">   <a href=\"https:\/\/no.trustpilot.com\/review\/naardic.no\" target=\"_blank\" rel=\"noopener\">Trustpilot<\/a> <\/div> <!-- End TrustBox widget -->\n<!-- TrustBox script --> <script type=\"text\/javascript\" src=\"\/\/widget.trustpilot.com\/bootstrap\/v5\/tp.widget.bootstrap.min.js\" async><\/script> <!-- End TrustBox script -->\t\t\t\t<\/div>\n\t\t\t\t<\/div>\n\t\t\t\t\t<\/div>\n\t\t\t\t<\/div>\n\t\t<div class=\"elementor-element elementor-element-5f29925 elementor-hidden-desktop elementor-hidden-tablet elementor-hidden-mobile e-flex e-con-boxed e-con e-parent\" data-id=\"5f29925\" data-element_type=\"container\" data-e-type=\"container\">\n\t\t\t\t\t<div class=\"e-con-inner\">\n\t\t\t\t<div class=\"elementor-element elementor-element-7919 elementor-widget__width-initial elementor-widget elementor-widget-global elementor-global-7919 elementor-widget-heading\" data-id=\"7919\" data-element_type=\"widget\" data-e-type=\"widget\" data-widget_type=\"heading.default\">\n\t\t\t\t\t<div class=\"elementor-heading-title elementor-size-default\"><a href=\"https:\/\/www.trustpilot.com\/review\/naardic.no\" target=\"_blank\">Les hva v\u00e5re medlemmer synes<\/a><\/div>\t\t\t\t<\/div>\n\t\t\t\t\t<\/div>\n\t\t\t\t<\/div>\n\t\t\t\t<\/div>\n\t\t","protected":false},"excerpt":{"rendered":"<p>Bli med p\u00e5 Naardic Talks om s\u00f8vn og overgangsalder! Tren gratis i 14 dager. Betal 0,- i dag.Si opp n\u00e5r [&hellip;]<\/p>\n","protected":false},"author":2,"featured_media":0,"parent":0,"menu_order":0,"comment_status":"closed","ping_status":"closed","template":"elementor_header_footer","meta":{"content-type":"","site-sidebar-layout":"default","site-content-layout":"","ast-site-content-layout":"default","site-content-style":"default","site-sidebar-style":"default","ast-global-header-display":"","ast-banner-title-visibility":"","ast-main-header-display":"","ast-hfb-above-header-display":"","ast-hfb-below-header-display":"","ast-hfb-mobile-header-display":"","site-post-title":"","ast-breadcrumbs-content":"","ast-featured-img":"","footer-sml-layout":"","ast-disable-related-posts":"","theme-transparent-header-meta":"","adv-header-id-meta":"","stick-header-meta":"","header-above-stick-meta":"","header-main-stick-meta":"","header-below-stick-meta":"","astra-migrate-meta-layouts":"default","ast-page-background-enabled":"default","ast-page-background-meta":{"desktop":{"background-color":"var(--ast-global-color-5)","background-image":"","background-repeat":"repeat","background-position":"center center","background-size":"auto","background-attachment":"scroll","background-type":"","background-media":"","overlay-type":"","overlay-color":"","overlay-opacity":"","overlay-gradient":""},"tablet":{"background-color":"","background-image":"","background-repeat":"repeat","background-position":"center center","background-size":"auto","background-attachment":"scroll","background-type":"","background-media":"","overlay-type":"","overlay-color":"","overlay-opacity":"","overlay-gradient":""},"mobile":{"background-color":"","background-image":"","background-repeat":"repeat","background-position":"center center","background-size":"auto","background-attachment":"scroll","background-type":"","background-media":"","overlay-type":"","overlay-color":"","overlay-opacity":"","overlay-gradient":""}},"ast-content-background-meta":{"desktop":{"background-color":"var(--ast-global-color-4)","background-image":"","background-repeat":"repeat","background-position":"center center","background-size":"auto","background-attachment":"scroll","background-type":"","background-media":"","overlay-type":"","overlay-color":"","overlay-opacity":"","overlay-gradient":""},"tablet":{"background-color":"var(--ast-global-color-4)","background-image":"","background-repeat":"repeat","background-position":"center center","background-size":"auto","background-attachment":"scroll","background-type":"","background-media":"","overlay-type":"","overlay-color":"","overlay-opacity":"","overlay-gradient":""},"mobile":{"background-color":"var(--ast-global-color-4)","background-image":"","background-repeat":"repeat","background-position":"center center","background-size":"auto","background-attachment":"scroll","background-type":"","background-media":"","overlay-type":"","overlay-color":"","overlay-opacity":"","overlay-gradient":""}},"footnotes":""},"class_list":["post-9623","page","type-page","status-publish","hentry"],"yoast_head":"<!-- This site is optimized with the Yoast SEO Premium plugin v27.3 (Yoast SEO v27.5) - https:\/\/yoast.com\/product\/yoast-seo-premium-wordpress\/ -->\n<title>Medlemskap Naardic Talk overgangsalder - NAARDIC<\/title>\n<meta name=\"description\" content=\"Naardic har medlemskap som passer for alle - fra m\u00e5nedlig uten bindingstid, til \u00e5rlig betaling for billigere trening.\" \/>\n<meta name=\"robots\" content=\"index, follow, max-snippet:-1, max-image-preview:large, max-video-preview:-1\" \/>\n<link rel=\"canonical\" href=\"https:\/\/naardic.no\/en\/medlemskap-naardic-talk-overgangsalder\/\" \/>\n<meta property=\"og:locale\" content=\"en_US\" \/>\n<meta property=\"og:type\" content=\"article\" \/>\n<meta property=\"og:title\" content=\"Medlemskap Naardic Talk overgangsalder\" \/>\n<meta property=\"og:description\" content=\"Naardic har medlemskap som passer for alle - fra m\u00e5nedlig uten bindingstid, til \u00e5rlig betaling for billigere trening.\" \/>\n<meta property=\"og:url\" content=\"https:\/\/naardic.no\/en\/medlemskap-naardic-talk-overgangsalder\/\" \/>\n<meta property=\"og:site_name\" content=\"NAARDIC\" \/>\n<meta property=\"article:publisher\" content=\"https:\/\/www.facebook.com\/naardic\" \/>\n<meta property=\"article:modified_time\" content=\"2025-12-30T10:34:15+00:00\" \/>\n<meta name=\"twitter:card\" content=\"summary_large_image\" \/>\n<meta name=\"twitter:label1\" content=\"Est. reading time\" \/>\n\t<meta name=\"twitter:data1\" content=\"1 minute\" \/>\n<script type=\"application\/ld+json\" class=\"yoast-schema-graph\">{\"@context\":\"https:\\\/\\\/schema.org\",\"@graph\":[{\"@type\":\"WebPage\",\"@id\":\"https:\\\/\\\/naardic.no\\\/en\\\/medlemskap-naardic-talk-overgangsalder\\\/\",\"url\":\"https:\\\/\\\/naardic.no\\\/en\\\/medlemskap-naardic-talk-overgangsalder\\\/\",\"name\":\"Medlemskap Naardic Talk overgangsalder - NAARDIC\",\"isPartOf\":{\"@id\":\"https:\\\/\\\/naardic.no\\\/en\\\/#website\"},\"datePublished\":\"2025-10-18T19:30:43+00:00\",\"dateModified\":\"2025-12-30T10:34:15+00:00\",\"description\":\"Naardic har medlemskap som passer for alle - fra m\u00e5nedlig uten bindingstid, til \u00e5rlig betaling for billigere trening.\",\"breadcrumb\":{\"@id\":\"https:\\\/\\\/naardic.no\\\/en\\\/medlemskap-naardic-talk-overgangsalder\\\/#breadcrumb\"},\"inLanguage\":\"en-US\",\"potentialAction\":[{\"@type\":\"ReadAction\",\"target\":[\"https:\\\/\\\/naardic.no\\\/en\\\/medlemskap-naardic-talk-overgangsalder\\\/\"]}]},{\"@type\":\"BreadcrumbList\",\"@id\":\"https:\\\/\\\/naardic.no\\\/en\\\/medlemskap-naardic-talk-overgangsalder\\\/#breadcrumb\",\"itemListElement\":[{\"@type\":\"ListItem\",\"position\":1,\"name\":\"Home\",\"item\":\"https:\\\/\\\/naardic.no\\\/en\\\/\"},{\"@type\":\"ListItem\",\"position\":2,\"name\":\"Medlemskap Naardic Talk overgangsalder\"}]},{\"@type\":\"WebSite\",\"@id\":\"https:\\\/\\\/naardic.no\\\/en\\\/#website\",\"url\":\"https:\\\/\\\/naardic.no\\\/en\\\/\",\"name\":\"NAARDIC\",\"description\":\"\",\"publisher\":{\"@id\":\"https:\\\/\\\/naardic.no\\\/en\\\/#organization\"},\"potentialAction\":[{\"@type\":\"SearchAction\",\"target\":{\"@type\":\"EntryPoint\",\"urlTemplate\":\"https:\\\/\\\/naardic.no\\\/en\\\/?s={search_term_string}\"},\"query-input\":{\"@type\":\"PropertyValueSpecification\",\"valueRequired\":true,\"valueName\":\"search_term_string\"}}],\"inLanguage\":\"en-US\"},{\"@type\":\"Organization\",\"@id\":\"https:\\\/\\\/naardic.no\\\/en\\\/#organization\",\"name\":\"NAARDIC\",\"url\":\"https:\\\/\\\/naardic.no\\\/en\\\/\",\"logo\":{\"@type\":\"ImageObject\",\"inLanguage\":\"en-US\",\"@id\":\"https:\\\/\\\/naardic.no\\\/en\\\/#\\\/schema\\\/logo\\\/image\\\/\",\"url\":\"https:\\\/\\\/naardic.no\\\/wp-content\\\/uploads\\\/2025\\\/11\\\/Naardic-Logo.webp\",\"contentUrl\":\"https:\\\/\\\/naardic.no\\\/wp-content\\\/uploads\\\/2025\\\/11\\\/Naardic-Logo.webp\",\"width\":100,\"height\":98,\"caption\":\"NAARDIC\"},\"image\":{\"@id\":\"https:\\\/\\\/naardic.no\\\/en\\\/#\\\/schema\\\/logo\\\/image\\\/\"},\"sameAs\":[\"https:\\\/\\\/www.facebook.com\\\/naardic\"]}]}<\/script>\n<!-- \/ Yoast SEO Premium plugin. -->","yoast_head_json":{"title":"Medlemskap Naardic Talk overgangsalder - NAARDIC","description":"Naardic har medlemskap som passer for alle - fra m\u00e5nedlig uten bindingstid, til \u00e5rlig betaling for billigere trening.","robots":{"index":"index","follow":"follow","max-snippet":"max-snippet:-1","max-image-preview":"max-image-preview:large","max-video-preview":"max-video-preview:-1"},"canonical":"https:\/\/naardic.no\/en\/medlemskap-naardic-talk-overgangsalder\/","og_locale":"en_US","og_type":"article","og_title":"Medlemskap Naardic Talk overgangsalder","og_description":"Naardic har medlemskap som passer for alle - fra m\u00e5nedlig uten bindingstid, til \u00e5rlig betaling for billigere trening.","og_url":"https:\/\/naardic.no\/en\/medlemskap-naardic-talk-overgangsalder\/","og_site_name":"NAARDIC","article_publisher":"https:\/\/www.facebook.com\/naardic","article_modified_time":"2025-12-30T10:34:15+00:00","twitter_card":"summary_large_image","twitter_misc":{"Est. reading time":"1 minute"},"schema":{"@context":"https:\/\/schema.org","@graph":[{"@type":"WebPage","@id":"https:\/\/naardic.no\/en\/medlemskap-naardic-talk-overgangsalder\/","url":"https:\/\/naardic.no\/en\/medlemskap-naardic-talk-overgangsalder\/","name":"Medlemskap Naardic Talk overgangsalder - NAARDIC","isPartOf":{"@id":"https:\/\/naardic.no\/en\/#website"},"datePublished":"2025-10-18T19:30:43+00:00","dateModified":"2025-12-30T10:34:15+00:00","description":"Naardic har medlemskap som passer for alle - fra m\u00e5nedlig uten bindingstid, til \u00e5rlig betaling for billigere trening.","breadcrumb":{"@id":"https:\/\/naardic.no\/en\/medlemskap-naardic-talk-overgangsalder\/#breadcrumb"},"inLanguage":"en-US","potentialAction":[{"@type":"ReadAction","target":["https:\/\/naardic.no\/en\/medlemskap-naardic-talk-overgangsalder\/"]}]},{"@type":"BreadcrumbList","@id":"https:\/\/naardic.no\/en\/medlemskap-naardic-talk-overgangsalder\/#breadcrumb","itemListElement":[{"@type":"ListItem","position":1,"name":"Home","item":"https:\/\/naardic.no\/en\/"},{"@type":"ListItem","position":2,"name":"Medlemskap Naardic Talk overgangsalder"}]},{"@type":"WebSite","@id":"https:\/\/naardic.no\/en\/#website","url":"https:\/\/naardic.no\/en\/","name":"NAARDIC","description":"","publisher":{"@id":"https:\/\/naardic.no\/en\/#organization"},"potentialAction":[{"@type":"SearchAction","target":{"@type":"EntryPoint","urlTemplate":"https:\/\/naardic.no\/en\/?s={search_term_string}"},"query-input":{"@type":"PropertyValueSpecification","valueRequired":true,"valueName":"search_term_string"}}],"inLanguage":"en-US"},{"@type":"Organization","@id":"https:\/\/naardic.no\/en\/#organization","name":"NAARDIC","url":"https:\/\/naardic.no\/en\/","logo":{"@type":"ImageObject","inLanguage":"en-US","@id":"https:\/\/naardic.no\/en\/#\/schema\/logo\/image\/","url":"https:\/\/naardic.no\/wp-content\/uploads\/2025\/11\/Naardic-Logo.webp","contentUrl":"https:\/\/naardic.no\/wp-content\/uploads\/2025\/11\/Naardic-Logo.webp","width":100,"height":98,"caption":"NAARDIC"},"image":{"@id":"https:\/\/naardic.no\/en\/#\/schema\/logo\/image\/"},"sameAs":["https:\/\/www.facebook.com\/naardic"]}]}},"_links":{"self":[{"href":"https:\/\/naardic.no\/en\/wp-json\/wp\/v2\/pages\/9623","targetHints":{"allow":["GET"]}}],"collection":[{"href":"https:\/\/naardic.no\/en\/wp-json\/wp\/v2\/pages"}],"about":[{"href":"https:\/\/naardic.no\/en\/wp-json\/wp\/v2\/types\/page"}],"author":[{"embeddable":true,"href":"https:\/\/naardic.no\/en\/wp-json\/wp\/v2\/users\/2"}],"replies":[{"embeddable":true,"href":"https:\/\/naardic.no\/en\/wp-json\/wp\/v2\/comments?post=9623"}],"version-history":[{"count":6,"href":"https:\/\/naardic.no\/en\/wp-json\/wp\/v2\/pages\/9623\/revisions"}],"predecessor-version":[{"id":12649,"href":"https:\/\/naardic.no\/en\/wp-json\/wp\/v2\/pages\/9623\/revisions\/12649"}],"wp:attachment":[{"href":"https:\/\/naardic.no\/en\/wp-json\/wp\/v2\/media?parent=9623"}],"curies":[{"name":"wp","href":"https:\/\/api.w.org\/{rel}","templated":true}]}}